{"id":1522,"date":"2018-04-21T16:27:44","date_gmt":"2018-04-21T14:27:44","guid":{"rendered":"https:\/\/www.spielweg.com\/wellness\/"},"modified":"2018-08-28T16:58:47","modified_gmt":"2018-08-28T14:58:47","slug":"bien-etre","status":"publish","type":"page","link":"https:\/\/www.spielweg.com\/fr\/bien-etre\/","title":{"rendered":"BIEN-\u00caTRE"},"content":{"rendered":"","protected":false},"excerpt":{"rendered":"","protected":false},"author":1,"featured_media":673,"parent":0,"menu_order":92,"comment_status":"closed","ping_status":"closed","template":"","meta":{"_acf_changed":false,"footnotes":""},"class_list":["post-1522","page","type-page","status-publish","has-post-thumbnail","hentry"],"acf":[],"yoast_head":"<!-- This site is optimized with the Yoast SEO plugin v27.4 - https:\/\/yoast.com\/product\/yoast-seo-wordpress\/ -->\n<title>bien-\u00eatre \u00e0 l\u2018h\u00f4tel Spielweg<\/title>\n<meta name=\"description\" content=\"Nous sommes \u00e9quip\u00e9s de mani\u00e8re optimale avec des piscines couvertes ou plein air, ainsi que sauna et bain-vapeur.\" \/>\n<meta name=\"robots\" content=\"index, follow, max-snippet:-1, max-image-preview:large, max-video-preview:-1\" \/>\n<link rel=\"canonical\" href=\"https:\/\/www.spielweg.com\/fr\/bien-etre\/\" \/>\n<meta property=\"og:locale\" content=\"fr_FR\" \/>\n<meta property=\"og:type\" content=\"article\" \/>\n<meta property=\"og:title\" content=\"bien-\u00eatre \u00e0 l\u2018h\u00f4tel Spielweg\" \/>\n<meta property=\"og:description\" content=\"Nous sommes \u00e9quip\u00e9s de mani\u00e8re optimale avec des piscines couvertes ou plein air, ainsi que sauna et bain-vapeur.\" \/>\n<meta property=\"og:url\" content=\"https:\/\/www.spielweg.com\/fr\/bien-etre\/\" \/>\n<meta property=\"og:site_name\" content=\"Spielweg Romantik Hotel\" \/>\n<meta property=\"article:publisher\" content=\"https:\/\/www.facebook.com\/Spielweg\/\" \/>\n<meta property=\"article:modified_time\" content=\"2018-08-28T14:58:47+00:00\" \/>\n<meta property=\"og:image\" content=\"https:\/\/www.spielweg.com\/wp-content\/uploads\/2018\/05\/1_wellness-schwarzwald_hotel_m.jpg\" \/>\n\t<meta property=\"og:image:width\" content=\"1024\" \/>\n\t<meta property=\"og:image:height\" content=\"571\" \/>\n\t<meta property=\"og:image:type\" content=\"image\/jpeg\" \/>\n<meta name=\"twitter:card\" content=\"summary_large_image\" \/>\n<script type=\"application\/ld+json\" class=\"yoast-schema-graph\">{\"@context\":\"https:\\\/\\\/schema.org\",\"@graph\":[{\"@type\":\"WebPage\",\"@id\":\"https:\\\/\\\/www.spielweg.com\\\/fr\\\/bien-etre\\\/\",\"url\":\"https:\\\/\\\/www.spielweg.com\\\/fr\\\/bien-etre\\\/\",\"name\":\"bien-\u00eatre \u00e0 l\u2018h\u00f4tel Spielweg\",\"isPartOf\":{\"@id\":\"https:\\\/\\\/www.spielweg.com\\\/fr\\\/#website\"},\"primaryImageOfPage\":{\"@id\":\"https:\\\/\\\/www.spielweg.com\\\/fr\\\/bien-etre\\\/#primaryimage\"},\"image\":{\"@id\":\"https:\\\/\\\/www.spielweg.com\\\/fr\\\/bien-etre\\\/#primaryimage\"},\"thumbnailUrl\":\"https:\\\/\\\/www.spielweg.com\\\/wp-content\\\/uploads\\\/2018\\\/05\\\/1_wellness-schwarzwald_hotel_m.jpg\",\"datePublished\":\"2018-04-21T14:27:44+00:00\",\"dateModified\":\"2018-08-28T14:58:47+00:00\",\"description\":\"Nous sommes \u00e9quip\u00e9s de mani\u00e8re optimale avec des piscines couvertes ou plein air, ainsi que sauna et bain-vapeur.\",\"breadcrumb\":{\"@id\":\"https:\\\/\\\/www.spielweg.com\\\/fr\\\/bien-etre\\\/#breadcrumb\"},\"inLanguage\":\"fr-FR\",\"potentialAction\":[{\"@type\":\"ReadAction\",\"target\":[\"https:\\\/\\\/www.spielweg.com\\\/fr\\\/bien-etre\\\/\"]}]},{\"@type\":\"ImageObject\",\"inLanguage\":\"fr-FR\",\"@id\":\"https:\\\/\\\/www.spielweg.com\\\/fr\\\/bien-etre\\\/#primaryimage\",\"url\":\"https:\\\/\\\/www.spielweg.com\\\/wp-content\\\/uploads\\\/2018\\\/05\\\/1_wellness-schwarzwald_hotel_m.jpg\",\"contentUrl\":\"https:\\\/\\\/www.spielweg.com\\\/wp-content\\\/uploads\\\/2018\\\/05\\\/1_wellness-schwarzwald_hotel_m.jpg\",\"width\":1024,\"height\":571},{\"@type\":\"BreadcrumbList\",\"@id\":\"https:\\\/\\\/www.spielweg.com\\\/fr\\\/bien-etre\\\/#breadcrumb\",\"itemListElement\":[{\"@type\":\"ListItem\",\"position\":1,\"name\":\"Startseite\",\"item\":\"https:\\\/\\\/www.spielweg.com\\\/fr\\\/\"},{\"@type\":\"ListItem\",\"position\":2,\"name\":\"BIEN-\u00caTRE\"}]},{\"@type\":\"WebSite\",\"@id\":\"https:\\\/\\\/www.spielweg.com\\\/fr\\\/#website\",\"url\":\"https:\\\/\\\/www.spielweg.com\\\/fr\\\/\",\"name\":\"Spielweg Romantik Hotel\",\"description\":\"\",\"publisher\":{\"@id\":\"https:\\\/\\\/www.spielweg.com\\\/fr\\\/#organization\"},\"potentialAction\":[{\"@type\":\"SearchAction\",\"target\":{\"@type\":\"EntryPoint\",\"urlTemplate\":\"https:\\\/\\\/www.spielweg.com\\\/fr\\\/?s={search_term_string}\"},\"query-input\":{\"@type\":\"PropertyValueSpecification\",\"valueRequired\":true,\"valueName\":\"search_term_string\"}}],\"inLanguage\":\"fr-FR\"},{\"@type\":\"Organization\",\"@id\":\"https:\\\/\\\/www.spielweg.com\\\/fr\\\/#organization\",\"name\":\"Spielweg Romantik Hotel\",\"url\":\"https:\\\/\\\/www.spielweg.com\\\/fr\\\/\",\"logo\":{\"@type\":\"ImageObject\",\"inLanguage\":\"fr-FR\",\"@id\":\"https:\\\/\\\/www.spielweg.com\\\/fr\\\/#\\\/schema\\\/logo\\\/image\\\/\",\"url\":\"https:\\\/\\\/www.spielweg.com\\\/wp-content\\\/uploads\\\/2018\\\/05\\\/romantik-hotel-spielweg-logo.png\",\"contentUrl\":\"https:\\\/\\\/www.spielweg.com\\\/wp-content\\\/uploads\\\/2018\\\/05\\\/romantik-hotel-spielweg-logo.png\",\"width\":615,\"height\":337,\"caption\":\"Spielweg Romantik Hotel\"},\"image\":{\"@id\":\"https:\\\/\\\/www.spielweg.com\\\/fr\\\/#\\\/schema\\\/logo\\\/image\\\/\"},\"sameAs\":[\"https:\\\/\\\/www.facebook.com\\\/Spielweg\\\/\",\"https:\\\/\\\/www.instagram.com\\\/spielwegromantikhotel\\\/\"]}]}<\/script>\n<!-- \/ Yoast SEO plugin. -->","yoast_head_json":{"title":"bien-\u00eatre \u00e0 l\u2018h\u00f4tel Spielweg","description":"Nous sommes \u00e9quip\u00e9s de mani\u00e8re optimale avec des piscines couvertes ou plein air, ainsi que sauna et bain-vapeur.","robots":{"index":"index","follow":"follow","max-snippet":"max-snippet:-1","max-image-preview":"max-image-preview:large","max-video-preview":"max-video-preview:-1"},"canonical":"https:\/\/www.spielweg.com\/fr\/bien-etre\/","og_locale":"fr_FR","og_type":"article","og_title":"bien-\u00eatre \u00e0 l\u2018h\u00f4tel Spielweg","og_description":"Nous sommes \u00e9quip\u00e9s de mani\u00e8re optimale avec des piscines couvertes ou plein air, ainsi que sauna et bain-vapeur.","og_url":"https:\/\/www.spielweg.com\/fr\/bien-etre\/","og_site_name":"Spielweg Romantik Hotel","article_publisher":"https:\/\/www.facebook.com\/Spielweg\/","article_modified_time":"2018-08-28T14:58:47+00:00","og_image":[{"width":1024,"height":571,"url":"https:\/\/www.spielweg.com\/wp-content\/uploads\/2018\/05\/1_wellness-schwarzwald_hotel_m.jpg","type":"image\/jpeg"}],"twitter_card":"summary_large_image","schema":{"@context":"https:\/\/schema.org","@graph":[{"@type":"WebPage","@id":"https:\/\/www.spielweg.com\/fr\/bien-etre\/","url":"https:\/\/www.spielweg.com\/fr\/bien-etre\/","name":"bien-\u00eatre \u00e0 l\u2018h\u00f4tel Spielweg","isPartOf":{"@id":"https:\/\/www.spielweg.com\/fr\/#website"},"primaryImageOfPage":{"@id":"https:\/\/www.spielweg.com\/fr\/bien-etre\/#primaryimage"},"image":{"@id":"https:\/\/www.spielweg.com\/fr\/bien-etre\/#primaryimage"},"thumbnailUrl":"https:\/\/www.spielweg.com\/wp-content\/uploads\/2018\/05\/1_wellness-schwarzwald_hotel_m.jpg","datePublished":"2018-04-21T14:27:44+00:00","dateModified":"2018-08-28T14:58:47+00:00","description":"Nous sommes \u00e9quip\u00e9s de mani\u00e8re optimale avec des piscines couvertes ou plein air, ainsi que sauna et bain-vapeur.","breadcrumb":{"@id":"https:\/\/www.spielweg.com\/fr\/bien-etre\/#breadcrumb"},"inLanguage":"fr-FR","potentialAction":[{"@type":"ReadAction","target":["https:\/\/www.spielweg.com\/fr\/bien-etre\/"]}]},{"@type":"ImageObject","inLanguage":"fr-FR","@id":"https:\/\/www.spielweg.com\/fr\/bien-etre\/#primaryimage","url":"https:\/\/www.spielweg.com\/wp-content\/uploads\/2018\/05\/1_wellness-schwarzwald_hotel_m.jpg","contentUrl":"https:\/\/www.spielweg.com\/wp-content\/uploads\/2018\/05\/1_wellness-schwarzwald_hotel_m.jpg","width":1024,"height":571},{"@type":"BreadcrumbList","@id":"https:\/\/www.spielweg.com\/fr\/bien-etre\/#breadcrumb","itemListElement":[{"@type":"ListItem","position":1,"name":"Startseite","item":"https:\/\/www.spielweg.com\/fr\/"},{"@type":"ListItem","position":2,"name":"BIEN-\u00caTRE"}]},{"@type":"WebSite","@id":"https:\/\/www.spielweg.com\/fr\/#website","url":"https:\/\/www.spielweg.com\/fr\/","name":"Spielweg Romantik Hotel","description":"","publisher":{"@id":"https:\/\/www.spielweg.com\/fr\/#organization"},"potentialAction":[{"@type":"SearchAction","target":{"@type":"EntryPoint","urlTemplate":"https:\/\/www.spielweg.com\/fr\/?s={search_term_string}"},"query-input":{"@type":"PropertyValueSpecification","valueRequired":true,"valueName":"search_term_string"}}],"inLanguage":"fr-FR"},{"@type":"Organization","@id":"https:\/\/www.spielweg.com\/fr\/#organization","name":"Spielweg Romantik Hotel","url":"https:\/\/www.spielweg.com\/fr\/","logo":{"@type":"ImageObject","inLanguage":"fr-FR","@id":"https:\/\/www.spielweg.com\/fr\/#\/schema\/logo\/image\/","url":"https:\/\/www.spielweg.com\/wp-content\/uploads\/2018\/05\/romantik-hotel-spielweg-logo.png","contentUrl":"https:\/\/www.spielweg.com\/wp-content\/uploads\/2018\/05\/romantik-hotel-spielweg-logo.png","width":615,"height":337,"caption":"Spielweg Romantik Hotel"},"image":{"@id":"https:\/\/www.spielweg.com\/fr\/#\/schema\/logo\/image\/"},"sameAs":["https:\/\/www.facebook.com\/Spielweg\/","https:\/\/www.instagram.com\/spielwegromantikhotel\/"]}]}},"_links":{"self":[{"href":"https:\/\/www.spielweg.com\/fr\/wp-json\/wp\/v2\/pages\/1522","targetHints":{"allow":["GET"]}}],"collection":[{"href":"https:\/\/www.spielweg.com\/fr\/wp-json\/wp\/v2\/pages"}],"about":[{"href":"https:\/\/www.spielweg.com\/fr\/wp-json\/wp\/v2\/types\/page"}],"author":[{"embeddable":true,"href":"https:\/\/www.spielweg.com\/fr\/wp-json\/wp\/v2\/users\/1"}],"replies":[{"embeddable":true,"href":"https:\/\/www.spielweg.com\/fr\/wp-json\/wp\/v2\/comments?post=1522"}],"version-history":[{"count":3,"href":"https:\/\/www.spielweg.com\/fr\/wp-json\/wp\/v2\/pages\/1522\/revisions"}],"predecessor-version":[{"id":1525,"href":"https:\/\/www.spielweg.com\/fr\/wp-json\/wp\/v2\/pages\/1522\/revisions\/1525"}],"wp:featuredmedia":[{"embeddable":true,"href":"https:\/\/www.spielweg.com\/fr\/wp-json\/wp\/v2\/media\/673"}],"wp:attachment":[{"href":"https:\/\/www.spielweg.com\/fr\/wp-json\/wp\/v2\/media?parent=1522"}],"curies":[{"name":"wp","href":"https:\/\/api.w.org\/{rel}","templated":true}]}}